{"id":368,"date":"2012-09-12T18:42:35","date_gmt":"2012-09-12T16:42:35","guid":{"rendered":"http:\/\/kiwanis-zuerich.ch\/?page_id=368"},"modified":"2022-03-02T10:41:15","modified_gmt":"2022-03-02T09:41:15","slug":"alters-und-freundschaftskommission","status":"publish","type":"page","link":"https:\/\/kiwanis-zuerich.ch\/index.php\/alters-und-freundschaftskommission\/","title":{"rendered":"Kommission Clubentwicklung und Freundschaft"},"content":{"rendered":"<p>Die Alters- und Freundschaftskommission des Kiwanis Club Z\u00fcrich will Freundschaften innerhalb des Clubs pflegen und f\u00f6rdern.<\/p>\n<p>Sie tut dies zum Beispiel durch die Betreuung der Witwen verstorbener Kiwanis-Freunde. Die Kommission gibt ihnen Informationen \u00fcber unser Club \u201eLeben\u201c und l\u00e4dt sie zu Anl\u00e4ssen und Veranstaltungen ein. So bleiben sie Teil unseres Clubs, auch nach dem Tod ihres Ehemannes.<\/p>\n<p>Einzelne \u00e4ltere Kiwanis-Freunde und unsere \"St\u00e4ndigen G\u00e4ste\" finden aus verschiedenen Gr\u00fcnden nicht mehr so oft den Weg zu unseren Lunches oder Anl\u00e4ssen. Die Freundschaftskommission steht mit diesen Freunden in Kontakt, organisiert den Transport zu Meetings. Die Kommission &nbsp;nimmt an ihren Problemen Anteil und bietet, wenn m\u00f6glich und gew\u00fcnscht, Hilfe an.<\/p>\n<p>Doch auch die aktiven Mitglieder unseres Clubs sind gegen Probleme und Schwierigkeiten nicht gefeit. Doch wer will schon im gr\u00f6sseren Kreis dar\u00fcber sprechen! In unserem Club sind Personen aus allen Berufssparten vertreten. In vielen F\u00e4llen k\u00f6nnte daher durch ein Mitglied Hilfe und Beratung vermittelt werden. Die Freundschaftskommission versucht, &nbsp;die n\u00f6tigen Kontakte zu vermitteln und helfend zur Seite zu stehen.<\/p>\n<blockquote><p>&nbsp;<\/p><\/blockquote>\n","protected":false},"excerpt":{"rendered":"<p>Die Alters- und Freundschaftskommission des Kiwanis Club Z\u00fcrich will Freundschaften innerhalb des Clubs pflegen und f\u00f6rdern. Sie tut dies zum Beispiel durch die Betreuung der Witwen verstorbener Kiwanis-Freunde. Die Kommission gibt ihnen Informationen \u00fcber unser Club \u201eLeben\u201c und l\u00e4dt sie &hellip; <a href=\"https:\/\/kiwanis-zuerich.ch\/index.php\/alters-und-freundschaftskommission\/\">Weiterlesen <span class=\"meta-nav\">&rarr;<\/span><\/a><\/p>\n","protected":false},"author":1179,"featured_media":0,"parent":0,"menu_order":0,"comment_status":"closed","ping_status":"closed","template":"sidebar-page.php","meta":{"footnotes":""},"class_list":["post-368","page","type-page","status-publish","hentry"],"_links":{"self":[{"href":"https:\/\/kiwanis-zuerich.ch\/index.php\/wp-json\/wp\/v2\/pages\/368","targetHints":{"allow":["GET"]}}],"collection":[{"href":"https:\/\/kiwanis-zuerich.ch\/index.php\/wp-json\/wp\/v2\/pages"}],"about":[{"href":"https:\/\/kiwanis-zuerich.ch\/index.php\/wp-json\/wp\/v2\/types\/page"}],"author":[{"embeddable":true,"href":"https:\/\/kiwanis-zuerich.ch\/index.php\/wp-json\/wp\/v2\/users\/1179"}],"replies":[{"embeddable":true,"href":"https:\/\/kiwanis-zuerich.ch\/index.php\/wp-json\/wp\/v2\/comments?post=368"}],"version-history":[{"count":8,"href":"https:\/\/kiwanis-zuerich.ch\/index.php\/wp-json\/wp\/v2\/pages\/368\/revisions"}],"predecessor-version":[{"id":3424,"href":"https:\/\/kiwanis-zuerich.ch\/index.php\/wp-json\/wp\/v2\/pages\/368\/revisions\/3424"}],"wp:attachment":[{"href":"https:\/\/kiwanis-zuerich.ch\/index.php\/wp-json\/wp\/v2\/media?parent=368"}],"curies":[{"name":"wp","href":"https:\/\/api.w.org\/{rel}","templated":true}]}}