{"id":365,"date":"2012-09-12T18:42:01","date_gmt":"2012-09-12T16:42:01","guid":{"rendered":"http:\/\/kiwanis-zuerich.ch\/?page_id=365"},"modified":"2022-03-02T10:36:50","modified_gmt":"2022-03-02T09:36:50","slug":"die-kunstkommission","status":"publish","type":"page","link":"https:\/\/kiwanis-zuerich.ch\/index.php\/die-kunstkommission\/","title":{"rendered":"Die Kulturkommission"},"content":{"rendered":"<p>Aufgabe der Kulturkommission ist es, die Tradition des Kiwanis Musikpreises, der erstmals 1976 vergeben wurde, zu sichern. Die Kommission organisiert sodann vielf\u00e4ltige kulturelle Aktivit\u00e4ten und Anl\u00e4sse f\u00fcr Mitglieder und Dritte.<\/p>\n<p>KF Dr. Thomas D. Albert<\/p>\n","protected":false},"excerpt":{"rendered":"<p>Aufgabe der Kulturkommission ist es, die Tradition des Kiwanis Musikpreises, der erstmals 1976 vergeben wurde, zu sichern. Die Kommission organisiert sodann vielf\u00e4ltige kulturelle Aktivit\u00e4ten und Anl\u00e4sse f\u00fcr Mitglieder und Dritte. KF Dr. Thomas D. Albert<\/p>\n","protected":false},"author":1179,"featured_media":0,"parent":0,"menu_order":0,"comment_status":"closed","ping_status":"closed","template":"sidebar-page.php","meta":{"footnotes":""},"class_list":["post-365","page","type-page","status-publish","hentry"],"_links":{"self":[{"href":"https:\/\/kiwanis-zuerich.ch\/index.php\/wp-json\/wp\/v2\/pages\/365","targetHints":{"allow":["GET"]}}],"collection":[{"href":"https:\/\/kiwanis-zuerich.ch\/index.php\/wp-json\/wp\/v2\/pages"}],"about":[{"href":"https:\/\/kiwanis-zuerich.ch\/index.php\/wp-json\/wp\/v2\/types\/page"}],"author":[{"embeddable":true,"href":"https:\/\/kiwanis-zuerich.ch\/index.php\/wp-json\/wp\/v2\/users\/1179"}],"replies":[{"embeddable":true,"href":"https:\/\/kiwanis-zuerich.ch\/index.php\/wp-json\/wp\/v2\/comments?post=365"}],"version-history":[{"count":5,"href":"https:\/\/kiwanis-zuerich.ch\/index.php\/wp-json\/wp\/v2\/pages\/365\/revisions"}],"predecessor-version":[{"id":3420,"href":"https:\/\/kiwanis-zuerich.ch\/index.php\/wp-json\/wp\/v2\/pages\/365\/revisions\/3420"}],"wp:attachment":[{"href":"https:\/\/kiwanis-zuerich.ch\/index.php\/wp-json\/wp\/v2\/media?parent=365"}],"curies":[{"name":"wp","href":"https:\/\/api.w.org\/{rel}","templated":true}]}}