{"id":356,"date":"2012-09-12T18:39:18","date_gmt":"2012-09-12T16:39:18","guid":{"rendered":"http:\/\/kiwanis-zuerich.ch\/?page_id=356"},"modified":"2022-03-02T10:40:05","modified_gmt":"2022-03-02T09:40:05","slug":"die-jugendkommission","status":"publish","type":"page","link":"https:\/\/kiwanis-zuerich.ch\/index.php\/die-jugendkommission\/","title":{"rendered":"Activity Commission"},"content":{"rendered":"<p>Der w\u00f6chentliche Lunch ist zentraler Bestandteil unseres Clublebens. Dabei soll es nicht nur um die Pflege sozialer Kontakte gehen. Durch Referate von externen Personen oder auch von Clubmitgliedern erhalten die Vortragslunches eine thematische Tiefe und dienen so der Erweiterung des Allgemeinwissens unserer Mitglieder.<\/p>\n<p>Die <em>Activity Commission<\/em> ist zust\u00e4ndig f\u00fcr die Organisation und Durchf\u00fchrung dieser Referate.<\/p>\n<p>Das Weitern ist die Kommission auch zust\u00e4ndig f\u00fcr Sozialaktionen unseres Clubs. Diese beinhalten ein \u00abhands on\u00bb der Mitglieder und eine finanzielle Unterst\u00fctzung eines Projektes, das Kindern und Jugendlichen zugutekommt.<\/p>\n<p>KF Martin Restelli<br \/>\nChair Activity<\/p>\n","protected":false},"excerpt":{"rendered":"<p>Der w\u00f6chentliche Lunch ist zentraler Bestandteil unseres Clublebens. Dabei soll es nicht nur um die Pflege sozialer Kontakte gehen. Durch Referate von externen Personen oder auch von Clubmitgliedern erhalten die Vortragslunches eine thematische Tiefe und dienen so der Erweiterung des &hellip; <a href=\"https:\/\/kiwanis-zuerich.ch\/index.php\/die-jugendkommission\/\">Weiterlesen <span class=\"meta-nav\">&rarr;<\/span><\/a><\/p>\n","protected":false},"author":1179,"featured_media":0,"parent":0,"menu_order":0,"comment_status":"closed","ping_status":"closed","template":"sidebar-page.php","meta":{"footnotes":""},"class_list":["post-356","page","type-page","status-publish","hentry"],"_links":{"self":[{"href":"https:\/\/kiwanis-zuerich.ch\/index.php\/wp-json\/wp\/v2\/pages\/356","targetHints":{"allow":["GET"]}}],"collection":[{"href":"https:\/\/kiwanis-zuerich.ch\/index.php\/wp-json\/wp\/v2\/pages"}],"about":[{"href":"https:\/\/kiwanis-zuerich.ch\/index.php\/wp-json\/wp\/v2\/types\/page"}],"author":[{"embeddable":true,"href":"https:\/\/kiwanis-zuerich.ch\/index.php\/wp-json\/wp\/v2\/users\/1179"}],"replies":[{"embeddable":true,"href":"https:\/\/kiwanis-zuerich.ch\/index.php\/wp-json\/wp\/v2\/comments?post=356"}],"version-history":[{"count":7,"href":"https:\/\/kiwanis-zuerich.ch\/index.php\/wp-json\/wp\/v2\/pages\/356\/revisions"}],"predecessor-version":[{"id":3423,"href":"https:\/\/kiwanis-zuerich.ch\/index.php\/wp-json\/wp\/v2\/pages\/356\/revisions\/3423"}],"wp:attachment":[{"href":"https:\/\/kiwanis-zuerich.ch\/index.php\/wp-json\/wp\/v2\/media?parent=356"}],"curies":[{"name":"wp","href":"https:\/\/api.w.org\/{rel}","templated":true}]}}