{"id":196,"date":"2012-07-04T10:07:39","date_gmt":"2012-07-04T08:07:39","guid":{"rendered":"http:\/\/kiwanis-zuerich.ch\/?page_id=196"},"modified":"2022-09-21T14:53:20","modified_gmt":"2022-09-21T12:53:20","slug":"die-idee","status":"publish","type":"page","link":"https:\/\/kiwanis-zuerich.ch\/index.php\/die-idee\/","title":{"rendered":"Musikpreis &#8211; Die Idee"},"content":{"rendered":"<h2>Kiwanis Preistr\u00e4gerkonzert und Verleihung der Musikpreise<\/h2>\n<p>J\u00e4hrlich im Fr\u00fchsommer veranstaltet der Kiwanis Club Z\u00fcrich im grossen Konzertsaal im Toni-Areal das Kiwanis Preistr\u00e4gerkonzert.<br \/>Die Preistr\u00e4gerinnen und Preistr\u00e4ger werden in Zusammenarbeit mit der<br \/>Z\u00fcrcher Hochschule der K\u00fcnste (ZHdK) von einer professionellen Jury an den<br \/>Wettbewerbsvorspielen im Mai erkoren. Die Kandidatinnen und Kandidaten studieren an der ZHdK<\/p>\n<div id=\"attachment_416\" style=\"width: 594px\" class=\"wp-caption alignnone\"><img loading=\"lazy\" decoding=\"async\" aria-describedby=\"caption-attachment-416\" class=\" wp-image-416 \" title=\"Tonhalle 2011\" src=\"http:\/\/test.kiwanis-zuerich.ch\/wp-content\/uploads\/2012\/09\/IMG_0127_Tonhalle_2011-1024x768.jpg\" alt=\"\" width=\"584\" height=\"438\" srcset=\"https:\/\/kiwanis-zuerich.ch\/wp-content\/uploads\/2012\/09\/IMG_0127_Tonhalle_2011-1024x768.jpg 1024w, https:\/\/kiwanis-zuerich.ch\/wp-content\/uploads\/2012\/09\/IMG_0127_Tonhalle_2011-300x225.jpg 300w, https:\/\/kiwanis-zuerich.ch\/wp-content\/uploads\/2012\/09\/IMG_0127_Tonhalle_2011-400x300.jpg 400w\" sizes=\"auto, (max-width: 584px) 100vw, 584px\" \/><p id=\"caption-attachment-416\" class=\"wp-caption-text\">Foto Andr\u00e9 Melchior<\/p><\/div>\n<p>Idee und Zielsetzung des KC Z\u00fcrich sind auch nach all den Jahren aktuell wie eh und je. Mit seinem Musikpreis will der KC Z\u00fcrich seine Wertsch\u00e4tzung f\u00fcr die harte Arbeit der Studierenden zum Ausdruck bringen und den jungen Menschen zugleich eine Referenz auf den beruflichen Weg mitgeben. Den k\u00fcnstlerischen Stellenwert des Kiwanis Preistr\u00e4gerkonzerts unterstreicht nicht zuletzt das Patronat von Kultur Stadt Z\u00fcrich.<\/p>\n<p>Die Vergabe des Kiwanis-Musikpreises an junge K\u00fcnstler hat sich seit 1976 zu einem<br \/>sehr gut besuchten kulturellen Anlass in Z\u00fcrich entwickelt. Rund 500 Interessierte<br \/>besuchen jedes Jahr das zur Tradition gewordene Kiwanis Preistr\u00e4gerkonzert.<\/p>\n<p>\u00a0<\/p>\n<p><strong>Wettbewerbsvorspiele<br \/><\/strong><br \/>Ausgeschrieben wird der Musikpreis unter den Studierenden an der ZHdK. Zugelassen wird, wer vor der professionellen Jury vorspielt und ihrem strengen Urteil gen\u00fcgt.<\/p>\n<p>Jeweils im M\u00e4rz\/April finden - organisiert von der ZHdK - die Wettbewerbsvorspiele statt. Das Interesse an der Teilnahme an diesem Wettbewerb ist beachtlich, winkt doch nicht nur ein namhaftes Preisgeld, sondern auch ein \u00f6ffentlicher Konzertauftritt.<\/p>\n<p>F\u00fcr die jungen K\u00fcnstler steht ein solcher Auftritt am Anfang einer hoffnungsvollen Karriere. Von den Preistr\u00e4gerinnen und Preistr\u00e4gern der letzten Jahrzehnte haben viele eine erfolgreiche Laufbahn eingeschlagen.<\/p>\n<p>Die Stiftung des KC Z\u00fcrich, zahlreiche treue Konzertbesucher, befreundete Kiwanis Klubs, sowie grossz\u00fcgige Spender tragen mit ihrem Engagement dazu bei, dass das Kiwanis Preistr\u00e4gerkonzert j\u00e4hrlich durchgef\u00fchrt werden kann. Den Preistr\u00e4gerinnen und Preistr\u00e4gern geh\u00f6rt das Lob, den Konzertbesuchern und Spendern der Dank.<\/p>\n<p><em>Dr. Thomas D. Albert<br \/>Chairman Musikkommission<\/em><\/p>\n\n\n<figure class=\"wp-block-image size-large\"><a href=\"https:\/\/kiwanis-zuerich.ch\/wp-content\/uploads\/2022\/06\/BGO3358-scaled.jpg\"><img loading=\"lazy\" decoding=\"async\" width=\"1024\" height=\"653\" src=\"https:\/\/kiwanis-zuerich.ch\/wp-content\/uploads\/2022\/06\/BGO3358-1024x653.jpg\" alt=\"\" class=\"wp-image-3482\" srcset=\"https:\/\/kiwanis-zuerich.ch\/wp-content\/uploads\/2022\/06\/BGO3358-1024x653.jpg 1024w, https:\/\/kiwanis-zuerich.ch\/wp-content\/uploads\/2022\/06\/BGO3358-300x191.jpg 300w, https:\/\/kiwanis-zuerich.ch\/wp-content\/uploads\/2022\/06\/BGO3358-768x490.jpg 768w, https:\/\/kiwanis-zuerich.ch\/wp-content\/uploads\/2022\/06\/BGO3358-1536x980.jpg 1536w, https:\/\/kiwanis-zuerich.ch\/wp-content\/uploads\/2022\/06\/BGO3358-2048x1306.jpg 2048w, https:\/\/kiwanis-zuerich.ch\/wp-content\/uploads\/2022\/06\/BGO3358-470x300.jpg 470w\" sizes=\"auto, (max-width: 1024px) 100vw, 1024px\" \/><\/a><figcaption>Foto Beat Gontersweiler<\/figcaption><\/figure>\n","protected":false},"excerpt":{"rendered":"<p>Kiwanis Preistr\u00e4gerkonzert und Verleihung der Musikpreise J\u00e4hrlich im Fr\u00fchsommer veranstaltet der Kiwanis Club Z\u00fcrich im grossen Konzertsaal im Toni-Areal das Kiwanis Preistr\u00e4gerkonzert.Die Preistr\u00e4gerinnen und Preistr\u00e4ger werden in Zusammenarbeit mit derZ\u00fcrcher Hochschule der K\u00fcnste (ZHdK) von einer professionellen Jury an denWettbewerbsvorspielen &hellip; <a href=\"https:\/\/kiwanis-zuerich.ch\/index.php\/die-idee\/\">Weiterlesen <span class=\"meta-nav\">&rarr;<\/span><\/a><\/p>\n","protected":false},"author":1179,"featured_media":0,"parent":0,"menu_order":0,"comment_status":"closed","ping_status":"closed","template":"sidebar-page.php","meta":{"footnotes":""},"class_list":["post-196","page","type-page","status-publish","hentry"],"_links":{"self":[{"href":"https:\/\/kiwanis-zuerich.ch\/index.php\/wp-json\/wp\/v2\/pages\/196","targetHints":{"allow":["GET"]}}],"collection":[{"href":"https:\/\/kiwanis-zuerich.ch\/index.php\/wp-json\/wp\/v2\/pages"}],"about":[{"href":"https:\/\/kiwanis-zuerich.ch\/index.php\/wp-json\/wp\/v2\/types\/page"}],"author":[{"embeddable":true,"href":"https:\/\/kiwanis-zuerich.ch\/index.php\/wp-json\/wp\/v2\/users\/1179"}],"replies":[{"embeddable":true,"href":"https:\/\/kiwanis-zuerich.ch\/index.php\/wp-json\/wp\/v2\/comments?post=196"}],"version-history":[{"count":13,"href":"https:\/\/kiwanis-zuerich.ch\/index.php\/wp-json\/wp\/v2\/pages\/196\/revisions"}],"predecessor-version":[{"id":3621,"href":"https:\/\/kiwanis-zuerich.ch\/index.php\/wp-json\/wp\/v2\/pages\/196\/revisions\/3621"}],"wp:attachment":[{"href":"https:\/\/kiwanis-zuerich.ch\/index.php\/wp-json\/wp\/v2\/media?parent=196"}],"curies":[{"name":"wp","href":"https:\/\/api.w.org\/{rel}","templated":true}]}}