{"id":110,"date":"2012-03-21T13:45:03","date_gmt":"2012-03-21T12:45:03","guid":{"rendered":"http:\/\/kiwanis.planetsurf.ch\/?page_id=110"},"modified":"2025-04-24T10:32:16","modified_gmt":"2025-04-24T08:32:16","slug":"unser-club","status":"publish","type":"page","link":"https:\/\/kiwanis-zuerich.ch\/index.php\/unser-club\/","title":{"rendered":"Unser Club"},"content":{"rendered":"<h2>Kiwanis Club Z\u00fcrich<\/h2>\n<p>Gegr\u00fcndet 1963 als zweiter Club in der Schweiz und als dritter Club in Europa (nach den Kiwanis Clubs Wien und Basel) kann der Kiwanis Club Z\u00fcrich auf eine mehr als 50 j\u00e4hrige Geschichte zur\u00fcckblicken. In diesen Jahren wurden unz\u00e4hlige Sozialaktionen durchgef\u00fchrt und Gelder in H\u00f6he von weit \u00fcber 1 Million Franken an Institutionen verteilt. W\u00e4hrend mehr als 20 Jahren war der Z\u00fcrcher Weihnachtsmarkt auf dem B\u00fcrkliplatz (der 1. Weihnachtsmarkt in der Stadt Z\u00fcrich) eines der Grossprojekte des Clubs, der finanzielle Gewinn (j\u00e4hrlich zwischen 30 \u2013 60\u2018000.- Franken) ging jeweils an einen sorgf\u00e4ltig ausgew\u00e4hlten Beg\u00fcnstigten.<\/p>\n<p>Daneben ist seit 1976 die Ausschreibung eines Wettbewerbes an der Z\u00fcrcher Hochschule der K\u00fcnste, Departement Musik, mit dem im Herbst jeden Jahres erfolgenden Preistr\u00e4gerkonzertes im grossen Konzertsaal des Toni-Areals ein Highlight des Clubjahres. Diese Konzerte werden inzwischen von bis zu 400 Zuh\u00f6rern besucht.<\/p>\n<p>Der Kiwanis Club Z\u00fcrich z\u00e4hlt aktuell rund 35 (m\u00e4nnliche) Mitglieder aus den verschiedensten Berufen. W\u00f6chentlich findet am Dienstagmittag ein Lunch statt im Zunfthaus zur Haue, wobei sich sogenannte Referatslunches (mit Referenten von ausserhalb oder auch innerhalb des Clubs) und Diskussionslunches in etwa die Waage halten. Daneben finden j\u00e4hrlich 2 - 3 kulturelle Anl\u00e4sse wie zum Beispiel Ausstellungsbesuche als Abendanl\u00e4sse statt, hierzu wie auch zu den Referatslunches sind die Partnerinnen der Clubmitglieder herzlich eingeladen.<\/p>\n<p>Im Rahmen des Programms \u00abLesereise um die Welt\u00bb lancierte der Kiwanis\u00a0Club Z\u00fcrich ein eigenes Projekt gemeinsam mit weiteren Kiwanis Clubs der Division 13: das Lesef\u00f6rderungsprojekt Kiwanis Kinderbuch<em> \"Aufregung im Zoo\".<\/em><\/p>\n<p>Neben all diesen vielf\u00e4ltigen T\u00e4tigkeiten kommt selbstverst\u00e4ndlich die Pflege der\u00a0Freundschaft unter den Mitgliedern nicht zu kurz, sei es w\u00e4hrend der w\u00f6chentlichen Meetings\u00a0oder anl\u00e4sslich gemeinsamer Unternehmungen.<\/p>\n","protected":false},"excerpt":{"rendered":"<p>Kiwanis Club Z\u00fcrich Gegr\u00fcndet 1963 als zweiter Club in der Schweiz und als dritter Club in Europa (nach den Kiwanis Clubs Wien und Basel) kann der Kiwanis Club Z\u00fcrich auf eine mehr als 50 j\u00e4hrige Geschichte zur\u00fcckblicken. In diesen Jahren &hellip; <a href=\"https:\/\/kiwanis-zuerich.ch\/index.php\/unser-club\/\">Weiterlesen <span class=\"meta-nav\">&rarr;<\/span><\/a><\/p>\n","protected":false},"author":1179,"featured_media":0,"parent":0,"menu_order":0,"comment_status":"closed","ping_status":"closed","template":"sidebar-page.php","meta":{"footnotes":""},"class_list":["post-110","page","type-page","status-publish","hentry"],"_links":{"self":[{"href":"https:\/\/kiwanis-zuerich.ch\/index.php\/wp-json\/wp\/v2\/pages\/110","targetHints":{"allow":["GET"]}}],"collection":[{"href":"https:\/\/kiwanis-zuerich.ch\/index.php\/wp-json\/wp\/v2\/pages"}],"about":[{"href":"https:\/\/kiwanis-zuerich.ch\/index.php\/wp-json\/wp\/v2\/types\/page"}],"author":[{"embeddable":true,"href":"https:\/\/kiwanis-zuerich.ch\/index.php\/wp-json\/wp\/v2\/users\/1179"}],"replies":[{"embeddable":true,"href":"https:\/\/kiwanis-zuerich.ch\/index.php\/wp-json\/wp\/v2\/comments?post=110"}],"version-history":[{"count":9,"href":"https:\/\/kiwanis-zuerich.ch\/index.php\/wp-json\/wp\/v2\/pages\/110\/revisions"}],"predecessor-version":[{"id":4325,"href":"https:\/\/kiwanis-zuerich.ch\/index.php\/wp-json\/wp\/v2\/pages\/110\/revisions\/4325"}],"wp:attachment":[{"href":"https:\/\/kiwanis-zuerich.ch\/index.php\/wp-json\/wp\/v2\/media?parent=110"}],"curies":[{"name":"wp","href":"https:\/\/api.w.org\/{rel}","templated":true}]}}