{"id":100,"date":"2012-03-21T13:12:31","date_gmt":"2012-03-21T12:12:31","guid":{"rendered":"http:\/\/kiwanis.planetsurf.ch\/?page_id=100"},"modified":"2025-10-28T17:47:46","modified_gmt":"2025-10-28T16:47:46","slug":"stiftung","status":"publish","type":"page","link":"https:\/\/kiwanis-zuerich.ch\/index.php\/stiftung\/","title":{"rendered":"Stiftung"},"content":{"rendered":"<h2>Die Stiftung des Kiwanis Clubs Z\u00fcrich<\/h2>\n<p align=\"left\">Die Stiftung des Kiwanis-Clubs Z\u00fcrich engagiert sich seit 1974 im sozialen und kulturellen Bereich. Gemeinsam mit dem Kiwanis Club Z\u00fcrich wendeten wir bisher zehntausende Arbeitsstunden und \u00fcber eine Million Franken f\u00fcr gemeinn\u00fctzige Projekte prim\u00e4r zugunsten von Kindern und Jugendlichen auf.<br \/>\nIn den letzten Jahren widmeten wir uns zudem mit dem Projekt \u201e<strong>Kiwanis Kinderbuch<\/strong>\u201c der F\u00f6rderung der Lesekompetenz von Kindern im Alter zwischen 7 bis 10 Jahren. Mit der unentgeltlichen Abgabe von Kinderb\u00fcchern unterst\u00fctzen wir insbesondere Kinder aus einem bildungsfernen Umfeld.<br \/>\nUnser <strong>kulturelles Engagement<\/strong> ist auf das Thema \u201e<strong>Musik und junge Menschen<\/strong>\u201c fokussiert.\u00a0So verleihen wir seit bald 50 Jahren den Kiwanis Musikpreis an besonders begabte Studentinnen und Studenten der Z\u00fcrcher Hochschule der K\u00fcnste. Die jeweils von einer internationalen Jury pr\u00e4mierten K\u00fcnstler erhalten nebst einem Geldpreis die Gelegenheit, ein Konzert zu bestreiten. Das Kiwanis Preistr\u00e4gerkonzert findet immer im Juni im Toni Areal statt.<br \/>\nDer Stiftungsrat will mit diesen Aktivit\u00e4ten einen Beitrag zur F\u00f6rderung der musikalischen Entwicklung und Weiterbildung junger Menschen leisten.<br \/>\nWir danken an dieser Stelle allen Spendern, die uns damit Ihr Vertrauen erweisen. Die Stiftung des Kiwanis-Clubs Z\u00fcrich wurde vom Kantonalen Steueramt Z\u00fcrich, auf Grund der Verfolgung von \u00f6ffentlichen oder gemeinn\u00fctzigen Zwecken, steuerbefreit.<\/p>\n<p>Dr. Thomas D. Albert<br \/>\nPr\u00e4sident der Stiftung Kiwanis Club Z\u00fcrich<\/p>\n","protected":false},"excerpt":{"rendered":"<p>Die Stiftung des Kiwanis Clubs Z\u00fcrich Die Stiftung des Kiwanis-Clubs Z\u00fcrich engagiert sich seit 1974 im sozialen und kulturellen Bereich. Gemeinsam mit dem Kiwanis Club Z\u00fcrich wendeten wir bisher zehntausende Arbeitsstunden und \u00fcber eine Million Franken f\u00fcr gemeinn\u00fctzige Projekte prim\u00e4r &hellip; <a href=\"https:\/\/kiwanis-zuerich.ch\/index.php\/stiftung\/\">Weiterlesen <span class=\"meta-nav\">&rarr;<\/span><\/a><\/p>\n","protected":false},"author":1179,"featured_media":0,"parent":0,"menu_order":0,"comment_status":"closed","ping_status":"closed","template":"sidebar-page.php","meta":{"footnotes":""},"class_list":["post-100","page","type-page","status-publish","hentry"],"_links":{"self":[{"href":"https:\/\/kiwanis-zuerich.ch\/index.php\/wp-json\/wp\/v2\/pages\/100","targetHints":{"allow":["GET"]}}],"collection":[{"href":"https:\/\/kiwanis-zuerich.ch\/index.php\/wp-json\/wp\/v2\/pages"}],"about":[{"href":"https:\/\/kiwanis-zuerich.ch\/index.php\/wp-json\/wp\/v2\/types\/page"}],"author":[{"embeddable":true,"href":"https:\/\/kiwanis-zuerich.ch\/index.php\/wp-json\/wp\/v2\/users\/1179"}],"replies":[{"embeddable":true,"href":"https:\/\/kiwanis-zuerich.ch\/index.php\/wp-json\/wp\/v2\/comments?post=100"}],"version-history":[{"count":21,"href":"https:\/\/kiwanis-zuerich.ch\/index.php\/wp-json\/wp\/v2\/pages\/100\/revisions"}],"predecessor-version":[{"id":4401,"href":"https:\/\/kiwanis-zuerich.ch\/index.php\/wp-json\/wp\/v2\/pages\/100\/revisions\/4401"}],"wp:attachment":[{"href":"https:\/\/kiwanis-zuerich.ch\/index.php\/wp-json\/wp\/v2\/media?parent=100"}],"curies":[{"name":"wp","href":"https:\/\/api.w.org\/{rel}","templated":true}]}}